{"id":8,"date":"2018-02-07T21:08:55","date_gmt":"2018-02-07T21:08:55","guid":{"rendered":"https:\/\/plena.ca\/?page_id=8"},"modified":"2018-02-13T17:29:41","modified_gmt":"2018-02-13T17:29:41","slug":"pourquoi","status":"publish","type":"page","link":"https:\/\/plena.ca\/?page_id=8","title":{"rendered":"Pourquoi WordPress"},"content":{"rendered":"<p><img loading=\"lazy\" decoding=\"async\" class=\"alignnone wp-image-163 size-full\" src=\"https:\/\/plena.ca\/wp-content\/uploads\/2018\/02\/last.gif\" alt=\"\" width=\"600\" height=\"338\" \/><\/p>\n<p>WordPress est la nouvelle norme de conception web, avec plus de 29% des sites con\u00e7us.<\/p>\n<p>Nettement plus compatible que leur concurrence et plus modelable que Drupal, WordPress utilise les derni\u00e8res technologies afin de compatibiliser les nouveaux formats et standards. HTML5, JS, CSS et l&#8217;ajout d&#8217;extensions rend l&#8217;exp\u00e9rience des sites plus agr\u00e9ables et g\u00e9n\u00e8rent moins d&#8217;erreurs que bien d&#8217;autres outils. WordPress s&#8217;adapte aux nouvelle tendances.<\/p>\n","protected":false},"excerpt":{"rendered":"<p>WordPress est la nouvelle norme de conception web, avec plus de 29% des sites con\u00e7us. Nettement plus compatible que leur concurrence et plus modelable que Drupal, WordPress utilise les derni\u00e8res technologies afin de compatibiliser les nouveaux formats et standards. HTML5, JS, CSS et l&#8217;ajout d&#8217;extensions rend l&#8217;exp\u00e9rience des sites plus agr\u00e9ables et g\u00e9n\u00e8rent moins d&#8217;erreurs [&hellip;]<\/p>\n","protected":false},"author":1,"featured_media":5,"parent":0,"menu_order":0,"comment_status":"closed","ping_status":"closed","template":"","meta":{"footnotes":""},"class_list":["post-8","page","type-page","status-publish","has-post-thumbnail","hentry"],"_links":{"self":[{"href":"https:\/\/plena.ca\/index.php?rest_route=\/wp\/v2\/pages\/8","targetHints":{"allow":["GET"]}}],"collection":[{"href":"https:\/\/plena.ca\/index.php?rest_route=\/wp\/v2\/pages"}],"about":[{"href":"https:\/\/plena.ca\/index.php?rest_route=\/wp\/v2\/types\/page"}],"author":[{"embeddable":true,"href":"https:\/\/plena.ca\/index.php?rest_route=\/wp\/v2\/users\/1"}],"replies":[{"embeddable":true,"href":"https:\/\/plena.ca\/index.php?rest_route=%2Fwp%2Fv2%2Fcomments&post=8"}],"version-history":[{"count":54,"href":"https:\/\/plena.ca\/index.php?rest_route=\/wp\/v2\/pages\/8\/revisions"}],"predecessor-version":[{"id":292,"href":"https:\/\/plena.ca\/index.php?rest_route=\/wp\/v2\/pages\/8\/revisions\/292"}],"wp:featuredmedia":[{"embeddable":true,"href":"https:\/\/plena.ca\/index.php?rest_route=\/wp\/v2\/media\/5"}],"wp:attachment":[{"href":"https:\/\/plena.ca\/index.php?rest_route=%2Fwp%2Fv2%2Fmedia&parent=8"}],"curies":[{"name":"wp","href":"https:\/\/api.w.org\/{rel}","templated":true}]}}