{"id":234,"date":"2018-02-12T19:15:46","date_gmt":"2018-02-12T19:15:46","guid":{"rendered":"https:\/\/plena.ca\/?page_id=234"},"modified":"2023-03-02T17:23:41","modified_gmt":"2023-03-02T17:23:41","slug":"services","status":"publish","type":"page","link":"https:\/\/plena.ca\/?page_id=234","title":{"rendered":"Services Web"},"content":{"rendered":"<p style=\"text-align: left;\"><span style=\"color: #ffffff;\">Services personnalis\u00e9s de conception web incluant :<\/span><\/p>\n<p>&nbsp;<\/p>\n<p style=\"text-align: left;\">[fvplayer src=&#8221;https:\/\/plena.ca\/wp-content\/uploads\/2018\/02\/prest.mp4&#8243; width=&#8221;1280&#8243; height=&#8221;720&#8243; autoplay=&#8221;true&#8221;]<\/p>\n<p>&nbsp;<\/p>\n<ul>\n<li style=\"text-align: left;\">Cr\u00e9ation de logos personnalis\u00e9s selon les go\u00fbts du client. (Fichiers .AI et .PSD \u00e9ditables)<\/li>\n<li style=\"text-align: left;\">Conception de cartes d&#8217;affaires. (.pdf et .tiff , CMYK pr\u00eates pour l&#8217;impression)<\/li>\n<li style=\"text-align: left;\">Th\u00e8mes modelables, orient\u00e9s vers l&#8217;approche de la vente des produits &amp; services.<\/li>\n<li style=\"text-align: left;\">Vid\u00e9os\/montages sur page d&#8217;accueil, en lecture automatique.<\/li>\n<li style=\"text-align: left;\">Banni\u00e8res publicitaires extra-site, particularis\u00e9es. (Optionnelles)<\/li>\n<li style=\"text-align: left;\">Production audio personnifi\u00e9e. (Trame sonore courte de pr\u00e9sentation)<\/li>\n<li style=\"text-align: left;\">Site avec int\u00e9gration compl\u00e8te. (Format redimensionn\u00e9 pour ipads, t\u00e9l\u00e9phones mobile et tous les standards)<\/li>\n<li style=\"text-align: left;\">Prise en charge d&#8217;h\u00e9bergements PRO &amp; noms de domaines via <a href=\"http:\/\/www.whc.ca\">WHC.CA<\/a>&nbsp;(list\u00e9 h\u00e9bergeur #1 par l&#8217;ACEI en 2017)<\/li>\n<li style=\"text-align: left;\">Int\u00e9gration de modules de contacts, de gestion d&#8217;offres d&#8217;emplois et calendrier.<\/li>\n<li style=\"text-align: left;\">R\u00e9f\u00e9rencement SEO. (Liste META de recherche du site via Google, Bing et autres moteurs de recherche)<\/li>\n<li style=\"text-align: left;\">Retouches et restorations de photos. (Anciennes, d\u00e9t\u00e9rior\u00e9es)<\/li>\n<li style=\"text-align: left;\">S\u00e9ances de studios photographiques. (Entreprise et\/ou studio)<\/li>\n<\/ul>\n<p>&nbsp;<\/p>\n","protected":false},"excerpt":{"rendered":"<p>Services personnalis\u00e9s de conception web incluant : &nbsp; [fvplayer src=&#8221;https:\/\/plena.ca\/wp-content\/uploads\/2018\/02\/prest.mp4&#8243; width=&#8221;1280&#8243; height=&#8221;720&#8243; autoplay=&#8221;true&#8221;] &nbsp; Cr\u00e9ation de logos personnalis\u00e9s selon les go\u00fbts du client. (Fichiers .AI et .PSD \u00e9ditables) Conception de cartes d&#8217;affaires. (.pdf et .tiff , CMYK pr\u00eates pour l&#8217;impression) Th\u00e8mes modelables, orient\u00e9s vers l&#8217;approche de la vente des produits &amp; services. Vid\u00e9os\/montages sur page [&hellip;]<\/p>\n","protected":false},"author":1,"featured_media":0,"parent":0,"menu_order":0,"comment_status":"closed","ping_status":"closed","template":"","meta":{"footnotes":""},"class_list":["post-234","page","type-page","status-publish","hentry"],"_links":{"self":[{"href":"https:\/\/plena.ca\/index.php?rest_route=\/wp\/v2\/pages\/234","targetHints":{"allow":["GET"]}}],"collection":[{"href":"https:\/\/plena.ca\/index.php?rest_route=\/wp\/v2\/pages"}],"about":[{"href":"https:\/\/plena.ca\/index.php?rest_route=\/wp\/v2\/types\/page"}],"author":[{"embeddable":true,"href":"https:\/\/plena.ca\/index.php?rest_route=\/wp\/v2\/users\/1"}],"replies":[{"embeddable":true,"href":"https:\/\/plena.ca\/index.php?rest_route=%2Fwp%2Fv2%2Fcomments&post=234"}],"version-history":[{"count":64,"href":"https:\/\/plena.ca\/index.php?rest_route=\/wp\/v2\/pages\/234\/revisions"}],"predecessor-version":[{"id":474,"href":"https:\/\/plena.ca\/index.php?rest_route=\/wp\/v2\/pages\/234\/revisions\/474"}],"wp:attachment":[{"href":"https:\/\/plena.ca\/index.php?rest_route=%2Fwp%2Fv2%2Fmedia&parent=234"}],"curies":[{"name":"wp","href":"https:\/\/api.w.org\/{rel}","templated":true}]}}